{"id":189,"date":"2011-01-26T21:08:52","date_gmt":"2011-01-26T21:08:52","guid":{"rendered":"http:\/\/www.nepsis.org.uk\/?page_id=189"},"modified":"2024-05-11T07:30:40","modified_gmt":"2024-05-11T07:30:40","slug":"prezentare","status":"publish","type":"page","link":"https:\/\/www.nepsis.org.uk\/?page_id=189","title":{"rendered":"Prezentare"},"content":{"rendered":"<p><a href=\"http:\/\/www.nepsis.org.uk\/wp-content\/uploads\/2011\/01\/538498.gif\"><img loading=\"lazy\" decoding=\"async\" class=\"alignright size-full wp-image-201\" title=\"538498\" src=\"http:\/\/www.nepsis.org.uk\/wp-content\/uploads\/2011\/01\/538498.gif\" alt=\"\" width=\"130\" height=\"61\" \/><\/a><br \/>\n<a href=\"http:\/\/www.nepsis.org.uk\/wp-content\/uploads\/2011\/01\/Poza-IPS-Iosif-e1299535550339.jpg\"><img loading=\"lazy\" decoding=\"async\" class=\"alignleft size-full wp-image-296\" title=\"Poza IPS Iosif\" src=\"http:\/\/www.nepsis.org.uk\/wp-content\/uploads\/2011\/01\/Poza-IPS-Iosif-e1299535550339.jpg\" alt=\"\" width=\"350\" height=\"233\" \/><\/a>Filiala britanica a Federatiei Fraternitatilor NEPSIS s-a constituit la data de 28 februarie 2010 la ini\u021biativa .P.S. P\u0103rintelui nostru Mitropolit Iosif. Ea face parte din Fra\u021bia Nepsis Arhiepiscopie, una din cele trei filiale ale Federatiei Nepsis din Mitropolia Ortodox\u0103 Rom\u00e2na a Europei Occidentale si Meridionale.<\/p>\n<p>NEPSIS s-a format in 1999 sub titulatura de Asociatia tinerilor din Mitropolia Ortodoxa Rom\u00e2na a Europei Occidentale si Meridionale. \u00centre 6 si 8 noiembrie 2009 a avut loc la Catedrala Mitropolitana de la Paris, \u00een prezen\u021ba tuturor episcopilor din Mitropolie, Congresul aniversar NEPSIS. \u00cen acesti 10 ani s-au \u00eenfiintat fraternita\u021bile NEPSIS din eparhiile Italiei, Spaniei si Portugaliei, drept pentru care NEPSIS s-a transformat \u00eentr-o federa\u021bie formata din: NESPIS Arhiepiscopie, NEPSIS Italia si NEPSIS Spania si Portugalia.<\/p>\n<p>\u00cen cadrul NEPSIS Arhiepiscopie exista deja filiale \u00een Franta, Belgia si Irlanda.<\/p>\n<p>Numele Federa\u021biei Nepsis provine dintr-un cuv\u00e2nt grec care \u00eenseamna trezvie. Alegerea acestui nume voia sa sublinieze scopul asocia\u021biei: acela de a p\u0103stra aprins\u0103 flacara credin\u021bei noastre sau de a trezi aceasta credint\u0103 printre cei tineri sau chiar cei mai putin tineri.<\/p>\n<p><a href=\"http:\/\/www.nepsis.org.uk\/wp-content\/uploads\/2011\/01\/Poza-grup-Nepsis-UK.jpg\"><img loading=\"lazy\" decoding=\"async\" class=\"size-large wp-image-282 alignright\" title=\"Poza grup Nepsis UK\" src=\"http:\/\/www.nepsis.org.uk\/wp-content\/uploads\/2011\/01\/Poza-grup-Nepsis-UK-1024x682.jpg\" alt=\"\" width=\"384\" height=\"256\" srcset=\"https:\/\/www.nepsis.org.uk\/wp-content\/uploads\/2011\/01\/Poza-grup-Nepsis-UK-1024x682.jpg 1024w, https:\/\/www.nepsis.org.uk\/wp-content\/uploads\/2011\/01\/Poza-grup-Nepsis-UK-300x200.jpg 300w, https:\/\/www.nepsis.org.uk\/wp-content\/uploads\/2011\/01\/Poza-grup-Nepsis-UK-150x100.jpg 150w, https:\/\/www.nepsis.org.uk\/wp-content\/uploads\/2011\/01\/Poza-grup-Nepsis-UK-400x266.jpg 400w, https:\/\/www.nepsis.org.uk\/wp-content\/uploads\/2011\/01\/Poza-grup-Nepsis-UK.jpg 1600w\" sizes=\"auto, (max-width: 384px) 100vw, 384px\" \/><\/a>Acest scop poate fi atins prin crearea unui cadru de discu\u021bii despre via\u021ba crestin\u0103 \u00een Ortodoxie, prin \u00eempartasirea credin\u021bei si a modalit\u0103tilor de a o trai. Cunosc\u00e2ndu-ne, \u00eemparta\u0219indu-ne opiniile unii altora, ne descoperim pe noi \u00eensine si diversitatea pe care Dumnezeu ne-a oferit-o si, \u00eencerc\u00e2nd s\u0103 \u00een\u021belegem aceasta diversitate, descoperim punctul de convergent\u0103: Dumnezeu Insu\u0219i.<\/p>\n","protected":false},"excerpt":{"rendered":"<p> Filiala britanica a Federatiei Fraternitatilor NEPSIS s-a constituit la data de 28 februarie 2010 la ini\u021biativa .P.S. P\u0103rintelui nostru Mitropolit Iosif. Ea face parte din Fra\u021bia Nepsis Arhiepiscopie, una din cele trei filiale ale Federatiei Nepsis din Mitropolia Ortodox\u0103 Rom\u00e2na a Europei Occidentale si Meridionale.<\/p>\n<p>NEPSIS s-a format in 1999 sub titulatura de Asociatia <span style=\"color:#777\"> . . . &rarr; Read More: <a href=\"https:\/\/www.nepsis.org.uk\/?page_id=189\">Prezentare<\/a><\/span><\/p>\n","protected":false},"author":1,"featured_media":0,"parent":179,"menu_order":1,"comment_status":"closed","ping_status":"open","template":"","meta":{"footnotes":""},"class_list":["post-189","page","type-page","status-publish","hentry","odd"],"_links":{"self":[{"href":"https:\/\/www.nepsis.org.uk\/index.php?rest_route=\/wp\/v2\/pages\/189","targetHints":{"allow":["GET"]}}],"collection":[{"href":"https:\/\/www.nepsis.org.uk\/index.php?rest_route=\/wp\/v2\/pages"}],"about":[{"href":"https:\/\/www.nepsis.org.uk\/index.php?rest_route=\/wp\/v2\/types\/page"}],"author":[{"embeddable":true,"href":"https:\/\/www.nepsis.org.uk\/index.php?rest_route=\/wp\/v2\/users\/1"}],"replies":[{"embeddable":true,"href":"https:\/\/www.nepsis.org.uk\/index.php?rest_route=%2Fwp%2Fv2%2Fcomments&post=189"}],"version-history":[{"count":7,"href":"https:\/\/www.nepsis.org.uk\/index.php?rest_route=\/wp\/v2\/pages\/189\/revisions"}],"predecessor-version":[{"id":463,"href":"https:\/\/www.nepsis.org.uk\/index.php?rest_route=\/wp\/v2\/pages\/189\/revisions\/463"}],"up":[{"embeddable":true,"href":"https:\/\/www.nepsis.org.uk\/index.php?rest_route=\/wp\/v2\/pages\/179"}],"wp:attachment":[{"href":"https:\/\/www.nepsis.org.uk\/index.php?rest_route=%2Fwp%2Fv2%2Fmedia&parent=189"}],"curies":[{"name":"wp","href":"https:\/\/api.w.org\/{rel}","templated":true}]}}