{"id":197,"date":"2011-01-26T21:18:49","date_gmt":"2011-01-26T21:18:49","guid":{"rendered":"http:\/\/www.nepsis.org.uk\/?page_id=197"},"modified":"2024-05-11T07:31:55","modified_gmt":"2024-05-11T07:31:55","slug":"contact","status":"publish","type":"page","link":"https:\/\/www.nepsis.org.uk\/?page_id=197","title":{"rendered":"Contact"},"content":{"rendered":"<p>Dac\u0103 dori\u0163i s\u0103 deveni\u0163i membru al fr\u0103\u0163iei sau s\u0103 v\u0103 implica\u0163i \u00een proiectele actuale ale acesteia ne pute\u0163i contacta folosind unul din mijloacele de mai jos:<\/p>\n<p>Cu dragoste in Hristos,<br \/>\nFra\u021bii din Nepsis UK<\/p>\n<p>1) Trimite\u021bi un email la:\u00a0 <strong>nepsis_uk@yahoogroups.com<\/strong><\/p>\n<p>2) Lasa\u021bi un mesaj folosind formularul de mai jos:<\/p>\n\n<div class=\"wpcf7 no-js\" id=\"wpcf7-f326-o1\" lang=\"\" dir=\"ltr\">\n<div class=\"screen-reader-response\"><p role=\"status\" aria-live=\"polite\" aria-atomic=\"true\"><\/p> <ul><\/ul><\/div>\n<form action=\"\/index.php?rest_route=%2Fwp%2Fv2%2Fpages%2F197#wpcf7-f326-o1\" method=\"post\" class=\"wpcf7-form init\" aria-label=\"Contact form\" novalidate=\"novalidate\" data-status=\"init\">\n<div style=\"display: none;\">\n<input type=\"hidden\" name=\"_wpcf7\" value=\"326\" \/>\n<input type=\"hidden\" name=\"_wpcf7_version\" value=\"5.9.4\" \/>\n<input type=\"hidden\" name=\"_wpcf7_locale\" value=\"\" \/>\n<input type=\"hidden\" name=\"_wpcf7_unit_tag\" value=\"wpcf7-f326-o1\" \/>\n<input type=\"hidden\" name=\"_wpcf7_container_post\" value=\"0\" \/>\n<input type=\"hidden\" name=\"_wpcf7_posted_data_hash\" value=\"\" \/>\n<input type=\"hidden\" name=\"_wpcf7_recaptcha_response\" value=\"\" \/>\n<\/div>\n<p>Numele (obligatoriu)\n<\/p>\n<p><span class=\"wpcf7-form-control-wrap\" data-name=\"your-name\"><input size=\"40\" class=\"wpcf7-form-control wpcf7-text wpcf7-validates-as-required\" aria-required=\"true\" aria-invalid=\"false\" value=\"\" type=\"text\" name=\"your-name\" \/><\/span>\n<\/p>\n<p>Adresa email (obligatoriu)\n<\/p>\n<p><span class=\"wpcf7-form-control-wrap\" data-name=\"your-email\"><input size=\"40\" class=\"wpcf7-form-control wpcf7-email wpcf7-validates-as-required wpcf7-text wpcf7-validates-as-email\" aria-required=\"true\" aria-invalid=\"false\" value=\"\" type=\"email\" name=\"your-email\" \/><\/span>\n<\/p>\n<p>Subiect\n<\/p>\n<p><span class=\"wpcf7-form-control-wrap\" data-name=\"your-subject\"><input size=\"40\" class=\"wpcf7-form-control wpcf7-text\" aria-invalid=\"false\" value=\"\" type=\"text\" name=\"your-subject\" \/><\/span>\n<\/p>\n<p>Mesaj\n<\/p>\n<p><span class=\"wpcf7-form-control-wrap\" data-name=\"your-message\"><textarea cols=\"40\" rows=\"10\" class=\"wpcf7-form-control wpcf7-textarea\" aria-invalid=\"false\" name=\"your-message\"><\/textarea><\/span>\n<\/p>\n<p><input class=\"wpcf7-form-control wpcf7-submit has-spinner\" type=\"submit\" value=\"Trimite\" \/>\n<\/p><div class=\"wpcf7-response-output\" aria-hidden=\"true\"><\/div>\n<\/form>\n<\/div>\n\n","protected":false},"excerpt":{"rendered":"<p>Dac\u0103 dori\u0163i s\u0103 deveni\u0163i membru al fr\u0103\u0163iei sau s\u0103 v\u0103 implica\u0163i \u00een proiectele actuale ale acesteia ne pute\u0163i contacta folosind unul din mijloacele de mai jos:<\/p>\n<p>Cu dragoste in Hristos, Fra\u021bii din Nepsis UK<\/p>\n<p>1) Trimite\u021bi un email la: nepsis_uk@yahoogroups.com<\/p>\n<p>2) Lasa\u021bi un mesaj folosind formularul de mai jos:<\/p>\n<p role=\"status\" aria-live=\"polite\" aria-atomic=\"true\">\n<p>Numele (obligatoriu) <\/p>\n<\/p>\n<p>Adresa email (obligatoriu)\n<\/p>\n<\/p>\n<p>Subiect\n<\/p>\n<\/p>\n<p>Mesaj\n<\/p><\/p>\n","protected":false},"author":1,"featured_media":0,"parent":0,"menu_order":4,"comment_status":"closed","ping_status":"open","template":"","meta":{"footnotes":""},"class_list":["post-197","page","type-page","status-publish","hentry","odd"],"_links":{"self":[{"href":"https:\/\/www.nepsis.org.uk\/index.php?rest_route=\/wp\/v2\/pages\/197","targetHints":{"allow":["GET"]}}],"collection":[{"href":"https:\/\/www.nepsis.org.uk\/index.php?rest_route=\/wp\/v2\/pages"}],"about":[{"href":"https:\/\/www.nepsis.org.uk\/index.php?rest_route=\/wp\/v2\/types\/page"}],"author":[{"embeddable":true,"href":"https:\/\/www.nepsis.org.uk\/index.php?rest_route=\/wp\/v2\/users\/1"}],"replies":[{"embeddable":true,"href":"https:\/\/www.nepsis.org.uk\/index.php?rest_route=%2Fwp%2Fv2%2Fcomments&post=197"}],"version-history":[{"count":9,"href":"https:\/\/www.nepsis.org.uk\/index.php?rest_route=\/wp\/v2\/pages\/197\/revisions"}],"predecessor-version":[{"id":476,"href":"https:\/\/www.nepsis.org.uk\/index.php?rest_route=\/wp\/v2\/pages\/197\/revisions\/476"}],"wp:attachment":[{"href":"https:\/\/www.nepsis.org.uk\/index.php?rest_route=%2Fwp%2Fv2%2Fmedia&parent=197"}],"curies":[{"name":"wp","href":"https:\/\/api.w.org\/{rel}","templated":true}]}}