{"id":49,"date":"2011-01-13T21:26:06","date_gmt":"2011-01-13T21:26:06","guid":{"rendered":"http:\/\/www.nepsis.org.uk\/?page_id=49"},"modified":"2024-05-11T07:31:55","modified_gmt":"2024-05-11T07:31:55","slug":"edinburgh","status":"publish","type":"page","link":"https:\/\/www.nepsis.org.uk\/?page_id=49","title":{"rendered":"Edinburgh"},"content":{"rendered":"<p>Parohie \u00een formare<br \/>\nbiserica: Chapel of St. Andrew, 2 Meadow Lane, Edinburgh, EH8 9NR<br \/>\ninfo: slujba se \u0163ine \u00een fiecare prim\u0103 s\u00e2mb\u0103t\u0103 din lun\u0103<br \/>\ncontact: Pr. Marcel Oprisan (Glasgow)<\/p>\n","protected":false},"excerpt":{"rendered":"<p>Parohie \u00een formare biserica: Chapel of St. Andrew, 2 Meadow Lane, Edinburgh, EH8 9NR info: slujba se \u0163ine \u00een fiecare prim\u0103 s\u00e2mb\u0103t\u0103 din lun\u0103 contact: Pr. Marcel Oprisan (Glasgow)<\/p>\n","protected":false},"author":1,"featured_media":0,"parent":65,"menu_order":0,"comment_status":"closed","ping_status":"closed","template":"","meta":{"footnotes":""},"class_list":["post-49","page","type-page","status-publish","hentry","odd"],"_links":{"self":[{"href":"https:\/\/www.nepsis.org.uk\/index.php?rest_route=\/wp\/v2\/pages\/49","targetHints":{"allow":["GET"]}}],"collection":[{"href":"https:\/\/www.nepsis.org.uk\/index.php?rest_route=\/wp\/v2\/pages"}],"about":[{"href":"https:\/\/www.nepsis.org.uk\/index.php?rest_route=\/wp\/v2\/types\/page"}],"author":[{"embeddable":true,"href":"https:\/\/www.nepsis.org.uk\/index.php?rest_route=\/wp\/v2\/users\/1"}],"replies":[{"embeddable":true,"href":"https:\/\/www.nepsis.org.uk\/index.php?rest_route=%2Fwp%2Fv2%2Fcomments&post=49"}],"version-history":[{"count":4,"href":"https:\/\/www.nepsis.org.uk\/index.php?rest_route=\/wp\/v2\/pages\/49\/revisions"}],"predecessor-version":[{"id":473,"href":"https:\/\/www.nepsis.org.uk\/index.php?rest_route=\/wp\/v2\/pages\/49\/revisions\/473"}],"up":[{"embeddable":true,"href":"https:\/\/www.nepsis.org.uk\/index.php?rest_route=\/wp\/v2\/pages\/65"}],"wp:attachment":[{"href":"https:\/\/www.nepsis.org.uk\/index.php?rest_route=%2Fwp%2Fv2%2Fmedia&parent=49"}],"curies":[{"name":"wp","href":"https:\/\/api.w.org\/{rel}","templated":true}]}}