{"id":51,"date":"2011-01-13T21:26:24","date_gmt":"2011-01-13T21:26:24","guid":{"rendered":"http:\/\/www.nepsis.org.uk\/?page_id=51"},"modified":"2024-05-11T07:31:55","modified_gmt":"2024-05-11T07:31:55","slug":"cardiff","status":"publish","type":"page","link":"https:\/\/www.nepsis.org.uk\/?page_id=51","title":{"rendered":"Cardiff"},"content":{"rendered":"<p><b>Parohia Tuturor Sfin\u0163ilor \u015fi a Sf. Arhidiacon \u015etefan<\/b><br \/>\nbiserica: Church of St. Dyfrig and St Samson (Church of Wales) Pentre Gardens Cardiff, CF11 6QX<br \/>\nemail: cardiff@mitropolia.eu<br \/>\n<a href=\"http:\/\/www.bisericaortodoxacardiff.co.uk\/\">www.bisericaortodoxacardiff.co.uk<\/a><br \/>\nPr. Sorin Chiril\u0103<br \/>\nmobil: 0044 (0)751 303 5395<br \/>\nemail: sory.man.uk@gmail.com<\/p>\n","protected":false},"excerpt":{"rendered":"<p>Parohia Tuturor Sfin\u0163ilor \u015fi a Sf. Arhidiacon \u015etefan biserica: Church of St. Dyfrig and St Samson (Church of Wales) Pentre Gardens Cardiff, CF11 6QX email: cardiff@mitropolia.eu www.bisericaortodoxacardiff.co.uk Pr. Sorin Chiril\u0103 mobil: 0044 (0)751 303 5395 email: sory.man.uk@gmail.com<\/p>\n","protected":false},"author":1,"featured_media":0,"parent":72,"menu_order":0,"comment_status":"closed","ping_status":"closed","template":"","meta":{"footnotes":""},"class_list":["post-51","page","type-page","status-publish","hentry","odd"],"_links":{"self":[{"href":"https:\/\/www.nepsis.org.uk\/index.php?rest_route=\/wp\/v2\/pages\/51","targetHints":{"allow":["GET"]}}],"collection":[{"href":"https:\/\/www.nepsis.org.uk\/index.php?rest_route=\/wp\/v2\/pages"}],"about":[{"href":"https:\/\/www.nepsis.org.uk\/index.php?rest_route=\/wp\/v2\/types\/page"}],"author":[{"embeddable":true,"href":"https:\/\/www.nepsis.org.uk\/index.php?rest_route=\/wp\/v2\/users\/1"}],"replies":[{"embeddable":true,"href":"https:\/\/www.nepsis.org.uk\/index.php?rest_route=%2Fwp%2Fv2%2Fcomments&post=51"}],"version-history":[{"count":8,"href":"https:\/\/www.nepsis.org.uk\/index.php?rest_route=\/wp\/v2\/pages\/51\/revisions"}],"predecessor-version":[{"id":130,"href":"https:\/\/www.nepsis.org.uk\/index.php?rest_route=\/wp\/v2\/pages\/51\/revisions\/130"}],"up":[{"embeddable":true,"href":"https:\/\/www.nepsis.org.uk\/index.php?rest_route=\/wp\/v2\/pages\/72"}],"wp:attachment":[{"href":"https:\/\/www.nepsis.org.uk\/index.php?rest_route=%2Fwp%2Fv2%2Fmedia&parent=51"}],"curies":[{"name":"wp","href":"https:\/\/api.w.org\/{rel}","templated":true}]}}